{"id":1599,"date":"2017-11-29T07:41:50","date_gmt":"2017-11-29T07:41:50","guid":{"rendered":"http:\/\/tips.attacksimulator.com\/?page_id=1599"},"modified":"2019-07-02T08:12:44","modified_gmt":"2019-07-02T08:12:44","slug":"contacto","status":"publish","type":"page","link":"https:\/\/tips.attacksimulator.com\/es\/contacto\/","title":{"rendered":"Contacto"},"content":{"rendered":"[et_pb_section fb_built=\u00bb1&#8243; custom_padding_last_edited=\u00bbon|phone\u00bb _builder_version=\u00bb3.5.1&#8243; use_background_color_gradient=\u00bbon\u00bb background_color_gradient_start=\u00bb#2fecbb\u00bb background_color_gradient_end=\u00bb#13604c\u00bb background_color_gradient_type=\u00bbradial\u00bb custom_padding=\u00bb60px|0px|120px|0px\u00bb custom_padding_phone=\u00bb0px||0px|\u00bb custom_css_main_element=\u00bbmin-height: 700px;||display: flex;\u00bb][et_pb_row make_equal=\u00bbon\u00bb custom_css_main_1=\u00bbdisplay: flex;||flex-direction: column;||justify-content: center;\u00bb custom_css_main_2=\u00bbdisplay: flex;||flex-direction: column;||justify-content: center;\u00bb _builder_version=\u00bb3.0.77&#8243; background_size=\u00bbinitial\u00bb background_position=\u00bbtop_left\u00bb background_repeat=\u00bbrepeat\u00bb custom_css_main_element=\u00bboverflow: visible !important;\u00bb][et_pb_column type=\u00bb1_2&#8243; _builder_version=\u00bb3.0.47&#8243; parallax=\u00bboff\u00bb parallax_method=\u00bbon\u00bb custom_css_main=\u00bbdisplay: flex;||flex-direction: column;||justify-content: center;\u00bb][et_pb_blurb title=\u00bbLas amenazas de seguridad est\u00e1n en todas partes\u00bb _builder_version=\u00bb3.5.1&#8243; header_font=\u00bb||||||||\u00bb header_font_size=\u00bb36px\u00bb body_font_size=\u00bb16px\u00bb background_layout=\u00bbdark\u00bb custom_css_main_element=\u00bbdisplay: flex;||flex-direction: columng;||justify-content: center;\u00bb custom_css_blurb_title=\u00bbfont-weight: 600;\u00bb]<h3 style=\"font-size: 18px; color: black !important; font-weight: bold;\">Aseg\u00farese de que sus empleados las conozcan.<\/h3>\n<p>Sistema Automatizado<\/p>\n<p>Formaci\u00f3n Continua<\/p>\n<p>Enfoque Proactivo<\/p>\n<p>Soporte T\u00e9cnico Personalizado<\/p>\n<p>Desarrollo Continuo de la Plataforma<\/p>\n<p>Expertos con m\u00e1s de 20 a\u00f1os de Experiencia en Seguridad<\/p>[\/et_pb_blurb][\/et_pb_column][et_pb_column type=\u00bb1_2&#8243; _builder_version=\u00bb3.0.47&#8243; parallax=\u00bboff\u00bb parallax_method=\u00bbon\u00bb custom_css_main=\u00bbdisplay: flex;||flex-direction: column;||justify-content: center;\u00bb][et_pb_contact_form captcha=\u00bboff\u00bb title=\u00bbcontactar\u00bb form_background_color=\u00bb#f6f9f8&#8243; module_id=\u00bbet_pb_contact_form_2&#8243; _builder_version=\u00bb3.5.1&#8243; title_font=\u00bb||||\u00bb custom_button=\u00bbon\u00bb button_text_color=\u00bb#ffffff\u00bb button_bg_color=\u00bb#000000&#8243; button_border_width=\u00bb0px\u00bb button_border_radius=\u00bb4px\u00bb button_font=\u00bb||||||||\u00bb button_border_radius_hover=\u00bb4px\u00bb box_shadow_style_button=\u00bbpreset3&#8243; custom_css_main_element=\u00bbbackground: white;||padding: 20px;||border-radius: 5px;||box-shadow: 0 20px 30px rgba(0,0,0,.2)\u00bb custom_css_contact_title=\u00bbtext-align: center;||padding: 15px 0 30px;\u00bb custom_css_contact_button=\u00bbmargin-top: 15px;\u00bb][et_pb_contact_field field_id=\u00bbName\u00bb field_title=\u00bbNombre\u00bb fullwidth_field=\u00bbon\u00bb _builder_version=\u00bb3.0.89&#8243;][\/et_pb_contact_field][et_pb_contact_field field_id=\u00bbEmail\u00bb field_title=\u00bbCorreo electr\u00f3nico\u00bb field_type=\u00bbemail\u00bb fullwidth_field=\u00bbon\u00bb _builder_version=\u00bb3.0.89&#8243;][\/et_pb_contact_field][et_pb_contact_field field_id=\u00bbEmpresa\u00bb field_title=\u00bbCompany\u00bb fullwidth_field=\u00bbon\u00bb _builder_version=\u00bb3.5.1&#8243;][\/et_pb_contact_field][et_pb_contact_field field_id=\u00bbPa\u00eds\u00bb field_title=\u00bbCountry\u00bb _builder_version=\u00bb3.5.1&#8243;][\/et_pb_contact_field][et_pb_contact_field field_id=\u00bbPhone\u00bb field_title=\u00bbTel\u00e9fono\u00bb required_mark=\u00bboff\u00bb _builder_version=\u00bb3.5.1&#8243;][\/et_pb_contact_field][\/et_pb_contact_form][\/et_pb_column][\/et_pb_row][\/et_pb_section]","protected":false},"excerpt":{"rendered":"<p>Aseg\u00farese de que sus empleados las conozcan. Sistema Automatizado Formaci\u00f3n Continua Enfoque Proactivo Soporte T\u00e9cnico Personalizado Desarrollo Continuo de la Plataforma Expertos con m\u00e1s de 20 a\u00f1os de Experiencia en Seguridad<\/p>\n","protected":false},"author":1,"featured_media":0,"parent":0,"menu_order":0,"comment_status":"closed","ping_status":"closed","template":"","meta":{"_et_pb_use_builder":"on","_et_pb_old_content":"","_et_gb_content_width":"","inline_featured_image":false,"footnotes":""},"class_list":["post-1599","page","type-page","status-publish","hentry"],"_links":{"self":[{"href":"https:\/\/tips.attacksimulator.com\/es\/wp-json\/wp\/v2\/pages\/1599"}],"collection":[{"href":"https:\/\/tips.attacksimulator.com\/es\/wp-json\/wp\/v2\/pages"}],"about":[{"href":"https:\/\/tips.attacksimulator.com\/es\/wp-json\/wp\/v2\/types\/page"}],"author":[{"embeddable":true,"href":"https:\/\/tips.attacksimulator.com\/es\/wp-json\/wp\/v2\/users\/1"}],"replies":[{"embeddable":true,"href":"https:\/\/tips.attacksimulator.com\/es\/wp-json\/wp\/v2\/comments?post=1599"}],"version-history":[{"count":8,"href":"https:\/\/tips.attacksimulator.com\/es\/wp-json\/wp\/v2\/pages\/1599\/revisions"}],"predecessor-version":[{"id":2391,"href":"https:\/\/tips.attacksimulator.com\/es\/wp-json\/wp\/v2\/pages\/1599\/revisions\/2391"}],"wp:attachment":[{"href":"https:\/\/tips.attacksimulator.com\/es\/wp-json\/wp\/v2\/media?parent=1599"}],"curies":[{"name":"wp","href":"https:\/\/api.w.org\/{rel}","templated":true}]}}