{"id":1938,"date":"2018-03-02T11:51:38","date_gmt":"2018-03-02T11:51:38","guid":{"rendered":"http:\/\/tips.attacksimulator.com\/contact\/"},"modified":"2019-07-02T08:12:28","modified_gmt":"2019-07-02T08:12:28","slug":"contacto","status":"publish","type":"page","link":"https:\/\/tips.attacksimulator.com\/pt-br\/contacto\/","title":{"rendered":"Contato"},"content":{"rendered":"[et_pb_section fb_built=&#8221;1&#8243; custom_padding_last_edited=&#8221;on|phone&#8221; _builder_version=&#8221;3.5.1&#8243; use_background_color_gradient=&#8221;on&#8221; background_color_gradient_start=&#8221;#2fecbb&#8221; background_color_gradient_end=&#8221;#13604c&#8221; background_color_gradient_type=&#8221;radial&#8221; custom_padding=&#8221;60px|0px|120px|0px&#8221; custom_padding_phone=&#8221;0px||0px|&#8221; custom_css_main_element=&#8221;min-height: 700px;||display: flex;&#8221;][et_pb_row make_equal=&#8221;on&#8221; custom_css_main_1=&#8221;display: flex;||flex-direction: column;||justify-content: center;&#8221; custom_css_main_2=&#8221;display: flex;||flex-direction: column;||justify-content: center;&#8221; _builder_version=&#8221;3.0.77&#8243; background_size=&#8221;initial&#8221; background_position=&#8221;top_left&#8221; background_repeat=&#8221;repeat&#8221; custom_css_main_element=&#8221;overflow: visible !important;&#8221;][et_pb_column type=&#8221;1_2&#8243; _builder_version=&#8221;3.0.47&#8243; parallax=&#8221;off&#8221; parallax_method=&#8221;on&#8221; custom_css_main=&#8221;display: flex;||flex-direction: column;||justify-content: center;&#8221;][et_pb_blurb title=&#8221;Amea\u00e7as de seguran\u00e7a est\u00e3o em todo lugar.&#8221; _builder_version=&#8221;3.5.1&#8243; header_level=&#8221;h1&#8243; header_font=&#8221;||||||||&#8221; header_font_size=&#8221;29px&#8221; header_line_height=&#8221;1.2em&#8221; body_font_size=&#8221;16px&#8221; background_layout=&#8221;dark&#8221; custom_css_main_element=&#8221;display: flex;||flex-direction: columng;||justify-content: center;&#8221; custom_css_blurb_title=&#8221;font-weight: 600;&#8221;]<h3 style=\"font-size:18px; color: black !important;  font-weight: bold; \">Certifique-se de que seus funcion\u00e1rios saibam tudo a respeito.<\/h3>\r\n<p>Sistema automatizado<\/p>\r\n<p>Treinamento Cont\u00ednuo<\/p>\r\n<p>Abordagem Proativa<\/p>\r\n<p>Suporte T\u00e9cnico Personalizado<\/p>\r\n<p>Desenvolvimento Cont\u00ednuo da Plataforma<\/p>\r\n<p>Especialistas com mais de 20 anos de experi\u00eancia em seguran\u00e7a<\/p>\r\n[\/et_pb_blurb][\/et_pb_column][et_pb_column type=&#8221;1_2&#8243; _builder_version=&#8221;3.0.47&#8243; parallax=&#8221;off&#8221; parallax_method=&#8221;on&#8221; custom_css_main=&#8221;display: flex;||flex-direction: column;||justify-content: center;&#8221;][et_pb_contact_form captcha=&#8221;off&#8221; title=&#8221;Entre em contato&#8221; submit_button_text=&#8221;Enviar&#8221; form_background_color=&#8221;#f6f9f8&#8243; module_id=&#8221;et_pb_contact_form_0&#8243; _builder_version=&#8221;3.5.1&#8243; title_font=&#8221;||||&#8221; custom_button=&#8221;on&#8221; button_bg_color=&#8221;#000000&#8243; button_border_width=&#8221;0px&#8221; button_border_radius=&#8221;4px&#8221; button_border_radius_hover=&#8221;4px&#8221; custom_css_main_element=&#8221;background: white;||padding: 20px;||border-radius: 5px;||box-shadow: 0 20px 30px rgba(0,0,0,.2)&#8221; custom_css_contact_title=&#8221;text-align: center;||padding: 15px 0 30px;&#8221; button_text_color=&#8221;#ffffff&#8221; box_shadow_style_button=&#8221;preset3&#8243; button_font=&#8221;||||||||&#8221; custom_css_contact_button=&#8221;margin-top: 15px;&#8221;][et_pb_contact_field field_id=&#8221;Name&#8221; field_title=&#8221;Nome&#8221; fullwidth_field=&#8221;on&#8221; _builder_version=&#8221;3.0.106&#8243; border_radii=&#8221;on||||&#8221;][\/et_pb_contact_field][et_pb_contact_field field_id=&#8221;Email&#8221; field_title=&#8221; E-mail&#8221; field_type=&#8221;email&#8221; fullwidth_field=&#8221;on&#8221; _builder_version=&#8221;3.0.106&#8243; border_radii=&#8221;on||||&#8221;][\/et_pb_contact_field][et_pb_contact_field field_id=&#8221;Company&#8221; field_title=&#8221;Empresa&#8221; fullwidth_field=&#8221;on&#8221; _builder_version=&#8221;3.5.1&#8243;][\/et_pb_contact_field][et_pb_contact_field field_id=&#8221;Country&#8221; field_title=&#8221;Pa\u00eds&#8221; _builder_version=&#8221;3.5.1&#8243;][\/et_pb_contact_field][et_pb_contact_field field_id=&#8221;Phone&#8221; field_title=&#8221;Telefone&#8221; _builder_version=&#8221;3.5.1&#8243; border_radii=&#8221;on||||&#8221;][\/et_pb_contact_field][\/et_pb_contact_form][\/et_pb_column][\/et_pb_row][\/et_pb_section]","protected":false},"excerpt":{"rendered":"<p>Certifique-se de que seus funcion\u00e1rios saibam tudo a respeito. Sistema automatizado Treinamento Cont\u00ednuo Abordagem Proativa Suporte T\u00e9cnico Personalizado Desenvolvimento Cont\u00ednuo da Plataforma Especialistas com mais de 20 anos de experi\u00eancia em seguran\u00e7a<\/p>\n","protected":false},"author":1,"featured_media":0,"parent":0,"menu_order":0,"comment_status":"closed","ping_status":"closed","template":"","meta":{"_et_pb_use_builder":"on","_et_pb_old_content":"","_et_gb_content_width":"","inline_featured_image":false,"footnotes":""},"class_list":["post-1938","page","type-page","status-publish","hentry"],"_links":{"self":[{"href":"https:\/\/tips.attacksimulator.com\/pt-br\/wp-json\/wp\/v2\/pages\/1938"}],"collection":[{"href":"https:\/\/tips.attacksimulator.com\/pt-br\/wp-json\/wp\/v2\/pages"}],"about":[{"href":"https:\/\/tips.attacksimulator.com\/pt-br\/wp-json\/wp\/v2\/types\/page"}],"author":[{"embeddable":true,"href":"https:\/\/tips.attacksimulator.com\/pt-br\/wp-json\/wp\/v2\/users\/1"}],"replies":[{"embeddable":true,"href":"https:\/\/tips.attacksimulator.com\/pt-br\/wp-json\/wp\/v2\/comments?post=1938"}],"version-history":[{"count":6,"href":"https:\/\/tips.attacksimulator.com\/pt-br\/wp-json\/wp\/v2\/pages\/1938\/revisions"}],"predecessor-version":[{"id":2389,"href":"https:\/\/tips.attacksimulator.com\/pt-br\/wp-json\/wp\/v2\/pages\/1938\/revisions\/2389"}],"wp:attachment":[{"href":"https:\/\/tips.attacksimulator.com\/pt-br\/wp-json\/wp\/v2\/media?parent=1938"}],"curies":[{"name":"wp","href":"https:\/\/api.w.org\/{rel}","templated":true}]}}