{"id":1962,"date":"2018-04-12T10:33:06","date_gmt":"2018-04-12T10:33:06","guid":{"rendered":"http:\/\/tips.attacksimulator.com\/services\/"},"modified":"2019-09-09T07:21:07","modified_gmt":"2019-09-09T07:21:07","slug":"services","status":"publish","type":"page","link":"https:\/\/tips.attacksimulator.com\/pt-br\/services\/","title":{"rendered":"Servi\u00e7os"},"content":{"rendered":"[et_pb_section fb_built=&#8221;1&#8243; fullwidth=&#8221;on&#8221; _builder_version=&#8221;3.22.3&#8243;][et_pb_fullwidth_header title=&#8221;A necessidade de seguran\u00e7a consci\u00eancia e ataque simula\u00e7\u00f5es&#8221; subhead=&#8221;um clique mais distante do desastre&#8221; text_orientation=&#8221;center&#8221; header_fullscreen=&#8221;on&#8221; header_scroll_down=&#8221;on&#8221; scroll_down_icon=&#8221;%%8%%&#8221; scroll_down_icon_color=&#8221;#000000&#8243; background_overlay_color=&#8221;rgba(0,0,0,0)&#8221; _builder_version=&#8221;3.16&#8243; title_font=&#8221;|700|||||||&#8221; title_font_size=&#8221;42px&#8221; content_font=&#8221;||||&#8221; subhead_font=&#8221;|on|||&#8221; subhead_text_color=&#8221;#000000&#8243; background_color=&#8221;rgba(255, 255, 255, 0)&#8221; use_background_color_gradient=&#8221;on&#8221; background_color_gradient_start=&#8221;#e41f3a&#8221; background_color_gradient_end=&#8221;#ce001e&#8221; background_color_gradient_type=&#8221;radial&#8221; custom_margin=&#8221;|||&#8221; custom_padding=&#8221;0px|||&#8221; button_one_text_size__hover_enabled=&#8221;off&#8221; button_two_text_size__hover_enabled=&#8221;off&#8221; button_one_text_color__hover_enabled=&#8221;off&#8221; button_two_text_color__hover_enabled=&#8221;off&#8221; button_one_border_width__hover_enabled=&#8221;off&#8221; button_two_border_width__hover_enabled=&#8221;off&#8221; button_one_border_color__hover_enabled=&#8221;off&#8221; button_two_border_color__hover_enabled=&#8221;off&#8221; button_one_border_radius__hover_enabled=&#8221;off&#8221; button_two_border_radius__hover_enabled=&#8221;off&#8221; button_one_letter_spacing__hover_enabled=&#8221;off&#8221; button_two_letter_spacing__hover_enabled=&#8221;off&#8221; button_one_bg_color__hover_enabled=&#8221;off&#8221; button_two_bg_color__hover_enabled=&#8221;off&#8221;][\/et_pb_fullwidth_header][\/et_pb_section][et_pb_section fb_built=&#8221;1&#8243; _builder_version=&#8221;3.22.3&#8243; background_color=&#8221;#000000&#8243;][et_pb_row _builder_version=&#8221;3.22.3&#8243;][et_pb_column type=&#8221;4_4&#8243; _builder_version=&#8221;3.0.47&#8243;][et_pb_blurb title=&#8221;POR QUE  ATTACK SIMULATOR?&#8221; content_max_width=&#8221;100%&#8221; _builder_version=&#8221;3.0.106&#8243; header_text_color=&#8221;#e02b20&#8243; background_layout=&#8221;dark&#8221;]<p>N\u00f3s fornecemos um servi\u00e7o inovador e real que \u00e9 projetado, desenvolvido e mantido por uma equipe de especialistas em seguran\u00e7a, adicionando mais de 12 anos de experi\u00eancia no campo. O conhecimento e as energias dos especialistas s\u00e3o canalizados por especialistas comportamentais com o objetivo de fornecer as doses certas e os gatilhos mais relevantes que podem proporcionar aos usu\u00e1rios os meios ideais para uma experi\u00eancia efetiva de aprendizado.<\/p>[\/et_pb_blurb][\/et_pb_column][\/et_pb_row][et_pb_row _builder_version=&#8221;3.22.3&#8243;][et_pb_column type=&#8221;1_2&#8243; _builder_version=&#8221;3.0.77&#8243;][et_pb_text _builder_version=&#8221;3.0.106&#8243; background_layout=&#8221;dark&#8221;]V\u00e1rias pesquisas testemunharam um aumento nos n\u00edveis de perigo dos e-mails n\u00e3o solicitados e sua transforma\u00e7\u00e3o de um inc\u00f4modo em um poderoso vetor de ataque. Mais de 90% dos e-mails de phishing cont\u00eam uma forma ou outra de ransomware, um ataque perigoso que pode induzir uma interrup\u00e7\u00e3o em suas opera\u00e7\u00f5es e pode custar dados, dinheiro e reputa\u00e7\u00e3o.[\/et_pb_text][\/et_pb_column][et_pb_column type=&#8221;1_2&#8243; _builder_version=&#8221;3.0.77&#8243;][et_pb_text _builder_version=&#8221;3.0.106&#8243; background_layout=&#8221;dark&#8221;]Nossos pr\u00f3prios estudos comportamentais revelaram que os treinamentos tradicionais de conscientiza\u00e7\u00e3o de seguran\u00e7a n\u00e3o s\u00e3o t\u00e3o eficazes quanto gostar\u00edamos: estudos com ritmo pessoal foram comprovados melhor do que treinamentos coletivos, mas tamb\u00e9m descobrimos que aprender com exemplos e materiais did\u00e1ticos tem uma taxa reduzida de informa\u00e7\u00f5es absor\u00e7\u00e3o e forma\u00e7\u00e3o de habilidades adequadas. Portanto, nossa abordagem de servi\u00e7os baseia-se na simula\u00e7\u00e3o de ataques e infec\u00e7\u00f5es por malware que ser\u00e3o beneficiados com a adi\u00e7\u00e3o de um componente \u201cemocional\u201d e interativo ao aprendizado.[\/et_pb_text][\/et_pb_column][\/et_pb_row][\/et_pb_section][et_pb_section fb_built=&#8221;1&#8243; _builder_version=&#8221;3.22.3&#8243; background_color=&#8221;#ffffff&#8221; custom_css_main_element=&#8221;border-bottom: 4px solid #e02b20;&#8221;][et_pb_row _builder_version=&#8221;3.22.3&#8243;][et_pb_column type=&#8221;4_4&#8243; _builder_version=&#8221;3.0.77&#8243;][et_pb_blurb title=&#8221;Servi\u00e7os&#8221; _builder_version=&#8221;3.0.106&#8243; header_text_color=&#8221;#e02b20&#8243; header_font_size=&#8221;46px&#8221; text_orientation=&#8221;center&#8221; custom_css_before=&#8221;content: %22NOSSOS%22;||font-weight: bold;||color: black;||position: relative;||left: -87px;&#8221;][\/et_pb_blurb][\/et_pb_column][\/et_pb_row][et_pb_row use_custom_gutter=&#8221;on&#8221; gutter_width=&#8221;2&#8243; module_class=&#8221; et_pb_row_fullwidth&#8221; _builder_version=&#8221;3.22.3&#8243; width=&#8221;94%&#8221; width_tablet=&#8221;80%&#8221; width_last_edited=&#8221;on|desktop&#8221; max_width=&#8221;94%&#8221; max_width_tablet=&#8221;80%&#8221; max_width_last_edited=&#8221;on|desktop&#8221; make_fullwidth=&#8221;on&#8221;][et_pb_column type=&#8221;1_3&#8243; _builder_version=&#8221;3.0.77&#8243;][et_pb_blurb title=&#8221; ATTACK SIMULATOR INTENSIVE&#8221; use_icon=&#8221;on&#8221; font_icon=&#8221;%%171%%&#8221; icon_color=&#8221;#e02b20&#8243; use_circle=&#8221;on&#8221; circle_color=&#8221;#000000&#8243; use_circle_border=&#8221;on&#8221; circle_border_color=&#8221;#e02b20&#8243; _builder_version=&#8221;3.0.106&#8243; header_font=&#8221;||||||||&#8221; header_text_align=&#8221;center&#8221; header_letter_spacing=&#8221;3px&#8221; header_line_height=&#8221;1.5em&#8221;]Este pacote, que pode ser considerado um Starter Kit, oferece um treinamento intensivo de conscientiza\u00e7\u00e3o de seguran\u00e7a para seus usu\u00e1rios por um per\u00edodo de 3 meses. Os ataques foram cuidadosamente planejados para cobrir uma grande variedade de categorias de amea\u00e7as e sua frequ\u00eancia tamb\u00e9m foi cuidadosamente escolhida, com o objetivo de n\u00e3o aborrecer ou gerar a sensa\u00e7\u00e3o de repeti\u00e7\u00e3o. Recomendamos este tipo de servi\u00e7o para pequenas e m\u00e9dias empresas que s\u00e3o tolerantes a riscos de seguran\u00e7a, est\u00e3o sujeitas a ataques cl\u00e1ssicos e ransomware, e precisam apenas fazer um treinamento b\u00e1sico para seus funcion\u00e1rios. No entanto, como spam, phishing e malware evoluem, recomendamos a repeti\u00e7\u00e3o desse tipo de treinamento uma vez por ano.[\/et_pb_blurb][\/et_pb_column][et_pb_column type=&#8221;1_3&#8243; _builder_version=&#8221;3.0.77&#8243;][et_pb_blurb title=&#8221; ATTACK SIMULATOR CONTINUOUS&#8221; use_icon=&#8221;on&#8221; font_icon=&#8221;%%103%%&#8221; icon_color=&#8221;#e02b20&#8243; use_circle=&#8221;on&#8221; circle_color=&#8221;#000000&#8243; use_circle_border=&#8221;on&#8221; circle_border_color=&#8221;#e02b20&#8243; _builder_version=&#8221;3.0.106&#8243; header_font=&#8221;||||||||&#8221; header_text_align=&#8221;center&#8221; header_letter_spacing=&#8221;3px&#8221; header_line_height=&#8221;1.5em&#8221;]H\u00e1 organiza\u00e7\u00f5es menos tolerantes a riscos de seguran\u00e7a, que lidam com informa\u00e7\u00f5es cr\u00edticas ou informa\u00e7\u00f5es de propriedade intelectual que consideramos que poderiam ser um alvo constante de ataques avan\u00e7ados que incluem ataques de alta pot\u00eancia de spear phishing ou de engenharia social avan\u00e7ada. Para essas organiza\u00e7\u00f5es (governos, grandes administra\u00e7\u00f5es p\u00fablicas, grandes empresas), consideramos que o programa de conscientiza\u00e7\u00e3o de seguran\u00e7a nunca deve parar. Por isso, preparamos este tipo de servi\u00e7o que permite que eles estejam sempre preparados contra os mais recentes tipos de ataques que estamos continuamente atualizando em nossa plataforma. Com esse servi\u00e7o, seus funcion\u00e1rios sempre ser\u00e3o informados sobre as \u00faltimas tend\u00eancias em ataques de phishing, ransomware, waterhole ou drive-by, aprendendo com uma grande variedade de mensagens e simula\u00e7\u00f5es de mensagens do sistema operacional.[\/et_pb_blurb][\/et_pb_column][et_pb_column type=&#8221;1_3&#8243; _builder_version=&#8221;3.0.77&#8243;][et_pb_blurb title=&#8221; ATTACK SIMULATOR PERSONAL&#8221; use_icon=&#8221;on&#8221; font_icon=&#8221;%%166%%&#8221; icon_color=&#8221;#e02b20&#8243; use_circle=&#8221;on&#8221; circle_color=&#8221;#000000&#8243; use_circle_border=&#8221;on&#8221; circle_border_color=&#8221;#e02b20&#8243; _builder_version=&#8221;3.0.106&#8243; header_font=&#8221;||||||||&#8221; header_text_align=&#8221;center&#8221; header_letter_spacing=&#8221;3px&#8221; header_line_height=&#8221;1.5em&#8221;]Esse tipo de servi\u00e7o, que estamos associando a servi\u00e7os de consultoria personalizada e design especial do programa de treinamento, destina-se a organiza\u00e7\u00f5es de alto risco que desejam se envolver e adaptar o treinamento de conscientiza\u00e7\u00e3o de seguran\u00e7a \u00e0s suas pr\u00f3prias realidades espec\u00edficas. Para eles, projetamos um programa de ritmo especial, envolvendo horas de consultoria, personaliza\u00e7\u00e3o de simula\u00e7\u00f5es de ataque e mensagens, avalia\u00e7\u00e3o constante de sua efic\u00e1cia e melhoria cont\u00ednua. Este servi\u00e7o \u00e9 baseado em projetos e pode estar ligado \u00e0 realiza\u00e7\u00e3o de objetivos espec\u00edficos de treinamento ou a um certo n\u00edvel de conscientiza\u00e7\u00e3o. Recomendamos como complemento aos nossos outros servi\u00e7os, quando o cliente descobre necessidades especiais que imp\u00f5em uma personaliza\u00e7\u00e3o do programa de treinamento.[\/et_pb_blurb][\/et_pb_column][\/et_pb_row][\/et_pb_section]","protected":false},"excerpt":{"rendered":"<p>N\u00f3s fornecemos um servi\u00e7o inovador e real que \u00e9 projetado, desenvolvido e mantido por uma equipe de especialistas em seguran\u00e7a, adicionando mais de 12 anos de experi\u00eancia no campo. O conhecimento e as energias dos especialistas s\u00e3o canalizados por especialistas comportamentais com o objetivo de fornecer as doses certas e os gatilhos mais relevantes que [&hellip;]<\/p>\n","protected":false},"author":1,"featured_media":0,"parent":0,"menu_order":0,"comment_status":"closed","ping_status":"closed","template":"","meta":{"_et_pb_use_builder":"on","_et_pb_old_content":"","_et_gb_content_width":"","inline_featured_image":false,"footnotes":""},"class_list":["post-1962","page","type-page","status-publish","hentry"],"_links":{"self":[{"href":"https:\/\/tips.attacksimulator.com\/pt-br\/wp-json\/wp\/v2\/pages\/1962"}],"collection":[{"href":"https:\/\/tips.attacksimulator.com\/pt-br\/wp-json\/wp\/v2\/pages"}],"about":[{"href":"https:\/\/tips.attacksimulator.com\/pt-br\/wp-json\/wp\/v2\/types\/page"}],"author":[{"embeddable":true,"href":"https:\/\/tips.attacksimulator.com\/pt-br\/wp-json\/wp\/v2\/users\/1"}],"replies":[{"embeddable":true,"href":"https:\/\/tips.attacksimulator.com\/pt-br\/wp-json\/wp\/v2\/comments?post=1962"}],"version-history":[{"count":8,"href":"https:\/\/tips.attacksimulator.com\/pt-br\/wp-json\/wp\/v2\/pages\/1962\/revisions"}],"predecessor-version":[{"id":4866,"href":"https:\/\/tips.attacksimulator.com\/pt-br\/wp-json\/wp\/v2\/pages\/1962\/revisions\/4866"}],"wp:attachment":[{"href":"https:\/\/tips.attacksimulator.com\/pt-br\/wp-json\/wp\/v2\/media?parent=1962"}],"curies":[{"name":"wp","href":"https:\/\/api.w.org\/{rel}","templated":true}]}}